{"id":2,"date":"2010-05-26T21:48:09","date_gmt":"2010-05-26T21:48:09","guid":{"rendered":"http:\/\/recept.norlinarna.com\/?page_id=2"},"modified":"2021-09-22T18:32:38","modified_gmt":"2021-09-22T16:32:38","slug":"about","status":"publish","type":"page","link":"https:\/\/recept.norlinarna.com\/?page_id=2","title":{"rendered":"Om"},"content":{"rendered":"\n<p>Det h\u00e4r ett st\u00e4lle d\u00e4r jag sparar mina b\u00e4sta recept.<\/p>\n\n\n\n<p>Var s\u00e5 god och smaka<\/p>\n","protected":false},"excerpt":{"rendered":"<p>Det h\u00e4r ett st\u00e4lle d\u00e4r jag sparar mina b\u00e4sta recept. Var s\u00e5 god och smaka<\/p>\n","protected":false},"author":1,"featured_media":0,"parent":0,"menu_order":0,"comment_status":"closed","ping_status":"open","template":"","meta":{"spay_email":""},"_links":{"self":[{"href":"https:\/\/recept.norlinarna.com\/index.php?rest_route=\/wp\/v2\/pages\/2"}],"collection":[{"href":"https:\/\/recept.norlinarna.com\/index.php?rest_route=\/wp\/v2\/pages"}],"about":[{"href":"https:\/\/recept.norlinarna.com\/index.php?rest_route=\/wp\/v2\/types\/page"}],"author":[{"embeddable":true,"href":"https:\/\/recept.norlinarna.com\/index.php?rest_route=\/wp\/v2\/users\/1"}],"replies":[{"embeddable":true,"href":"https:\/\/recept.norlinarna.com\/index.php?rest_route=%2Fwp%2Fv2%2Fcomments&post=2"}],"version-history":[{"count":2,"href":"https:\/\/recept.norlinarna.com\/index.php?rest_route=\/wp\/v2\/pages\/2\/revisions"}],"predecessor-version":[{"id":266,"href":"https:\/\/recept.norlinarna.com\/index.php?rest_route=\/wp\/v2\/pages\/2\/revisions\/266"}],"wp:attachment":[{"href":"https:\/\/recept.norlinarna.com\/index.php?rest_route=%2Fwp%2Fv2%2Fmedia&parent=2"}],"curies":[{"name":"wp","href":"https:\/\/api.w.org\/{rel}","templated":true}]}}